{"id":5843,"date":"2024-09-27T10:43:46","date_gmt":"2024-09-27T09:43:46","guid":{"rendered":"https:\/\/k3fashionsolutions.com\/?page_id=5843"},"modified":"2026-04-05T14:30:30","modified_gmt":"2026-04-05T13:30:30","slug":"centro-di-conoscenza","status":"publish","type":"page","link":"https:\/\/k3fashionsolutions.com\/it\/centro-di-conoscenza\/","title":{"rendered":"Centro di Conoscenza"},"content":{"rendered":"\n<style type=\"text\/css\" data-created_by=\"avia_inline_auto\" id=\"style-css-av-1cxm5-f9bc87e7af282392ccf9454910bfca35\">\n.avia-section.av-1cxm5-f9bc87e7af282392ccf9454910bfca35{\nbackground-color:#1e1e46;\nbackground-image:url(https:\/\/k3fashionsolutions.com\/wp-content\/uploads\/2024\/10\/knowledge-hero.jpg);\nbackground-repeat:no-repeat;\nbackground-position:50% 50%;\nbackground-attachment:scroll;\nposition:relative;\n}\n.avia-section.av-1cxm5-f9bc87e7af282392ccf9454910bfca35 .avia-divider-svg-bottom svg{\nheight:auto;\nmax-height:200px;\nfill:#ffffff;\n}\n<\/style>\n<div id='av_section_1'  class='avia-section av-1cxm5-f9bc87e7af282392ccf9454910bfca35 main_color avia-section-default avia-no-border-styling  avia-builder-el-0  el_before_av_section  avia-builder-el-first  tj-con tjhp-hs avia-full-stretch avia-bg-style-scroll container_wrap fullsize'  data-section-bg-repeat='stretch'><div class='avia-divider-svg avia-divider-svg-tilt avia-divider-svg-bottom avia-flipped-svg avia-to-front avia-svg-original'><svg xmlns=\"http:\/\/www.w3.org\/2000\/svg\" viewBox=\"0 0 1000 100\" preserveAspectRatio=\"none\">\n\t<path d=\"M0,6V0h1000v100L0,6z\"\/>\n<\/svg><\/div><div class='container av-section-cont-open' ><main  role=\"main\" itemprop=\"mainContentOfPage\"  class='template-page content  av-content-full alpha units'><div class='post-entry post-entry-type-page post-entry-5843'><div class='entry-content-wrapper clearfix'>\n<section  class='av_textblock_section av-q58t-e121ba6bccdcf0ecc9f7a5ce1efea6a2 '   itemscope=\"itemscope\" itemtype=\"https:\/\/schema.org\/CreativeWork\" ><div class='avia_textblock'  itemprop=\"text\" ><h1>Articoli in evidenza<\/h1>\n<\/div><\/section>\n\n\n<\/div><\/div><\/main><!-- close content main element --><\/div><\/div>\n<style type=\"text\/css\" data-created_by=\"avia_inline_auto\" id=\"style-css-av-va4d-b6ddfbe41fb11400137adec580323edd\">\n.avia-section.av-va4d-b6ddfbe41fb11400137adec580323edd{\nposition:relative;\n}\n.avia-section.av-va4d-b6ddfbe41fb11400137adec580323edd .avia-divider-svg-bottom svg{\nheight:auto;\nmax-height:200px;\nfill:#1e1e46;\n}\n<\/style>\n<div id='av_section_2'  class='avia-section av-va4d-b6ddfbe41fb11400137adec580323edd main_color avia-section-default avia-no-border-styling  avia-builder-el-3  el_after_av_section  avia-builder-el-last  avia-bg-style-scroll container_wrap fullsize'  ><div class='avia-divider-svg avia-divider-svg-tilt avia-divider-svg-bottom avia-flipped-svg avia-svg-original'><svg xmlns=\"http:\/\/www.w3.org\/2000\/svg\" viewBox=\"0 0 1000 100\" preserveAspectRatio=\"none\">\n\t<path d=\"M0,6V0h1000v100L0,6z\"\/>\n<\/svg><\/div><div class='container av-section-cont-open' ><div class='template-page content  av-content-full alpha units'><div class='post-entry post-entry-type-page post-entry-5843'><div class='entry-content-wrapper clearfix'>\n<div  class='flex_column av-9g5x-1939cac39884e402d65d59976b6d02e6 av_one_fifth  avia-builder-el-4  el_before_av_four_fifth  avia-builder-el-first  first flex_column_div  '     ><div  class='avia-builder-widget-area clearfix  avia-builder-el-5  avia-builder-el-no-sibling '><div id=\"wpc_chips_widget-3\" class=\"widget clearfix widget_wpc_chips_widget\"><div class=\"wpc-custom-selected-terms wpc-show-on-mobile\">\r\n<ul class=\"wpc-filter-chips-list wpc-filter-chips--1 wpc-filter-chips- wpc-empty-chips-container\" data-set=\"\" data-setcount=\"-1\">\n    <\/ul><\/div>\r\n<\/div><\/div><\/div><div  class='flex_column av-1p94t-d1567c352a64e84ed4857ab47067050c av_four_fifth  avia-builder-el-6  el_after_av_one_fifth  avia-builder-el-last  flex_column_div  '     ><p><br \/>\n<\/p><\/div>\n\n","protected":false},"excerpt":{"rendered":"<p>Hai bisogno di parlare in modo diretto di fashion tech? Niente buzzword, solo insight pratici su ci\u00f2 che funziona, ci\u00f2 che non funziona e ci\u00f2 che verr\u00e0 nelle operations della moda.<\/p>\n","protected":false},"author":1,"featured_media":0,"parent":0,"menu_order":0,"comment_status":"closed","ping_status":"closed","template":"","meta":{"slim_seo":{"title":"Approfondimenti ERP per la moda e leadership di pensiero | K3 Fashion Solutions","description":"Hai bisogno di parlare in modo diretto di fashion tech? Niente buzzword, solo insight pratici su ci\u00f2 che funziona, ci\u00f2 che non funziona e ci\u00f2 che verr\u00e0 nelle operations della moda."},"footnotes":""},"class_list":["post-5843","page","type-page","status-publish","hentry"],"_links":{"self":[{"href":"https:\/\/k3fashionsolutions.com\/it\/wp-json\/wp\/v2\/pages\/5843","targetHints":{"allow":["GET"]}}],"collection":[{"href":"https:\/\/k3fashionsolutions.com\/it\/wp-json\/wp\/v2\/pages"}],"about":[{"href":"https:\/\/k3fashionsolutions.com\/it\/wp-json\/wp\/v2\/types\/page"}],"author":[{"embeddable":true,"href":"https:\/\/k3fashionsolutions.com\/it\/wp-json\/wp\/v2\/users\/1"}],"replies":[{"embeddable":true,"href":"https:\/\/k3fashionsolutions.com\/it\/wp-json\/wp\/v2\/comments?post=5843"}],"version-history":[{"count":3,"href":"https:\/\/k3fashionsolutions.com\/it\/wp-json\/wp\/v2\/pages\/5843\/revisions"}],"predecessor-version":[{"id":6069,"href":"https:\/\/k3fashionsolutions.com\/it\/wp-json\/wp\/v2\/pages\/5843\/revisions\/6069"}],"wp:attachment":[{"href":"https:\/\/k3fashionsolutions.com\/it\/wp-json\/wp\/v2\/media?parent=5843"}],"curies":[{"name":"wp","href":"https:\/\/api.w.org\/{rel}","templated":true}]}}