{"id":5962,"date":"2024-10-04T16:16:14","date_gmt":"2024-10-04T15:16:14","guid":{"rendered":"https:\/\/k3fashionsolutions.com\/?page_id=5962"},"modified":"2026-04-05T14:59:24","modified_gmt":"2026-04-05T13:59:24","slug":"condizioni-duso","status":"publish","type":"page","link":"https:\/\/k3fashionsolutions.com\/it\/condizioni-duso\/","title":{"rendered":"Condizioni duso"},"content":{"rendered":"\n<style type=\"text\/css\" data-created_by=\"avia_inline_auto\" id=\"style-css-av-v7e7z-87e02edddfd72e7f7394152e084a8c0f\">\n.avia-section.av-v7e7z-87e02edddfd72e7f7394152e084a8c0f{\nbackground-color:#1e1e46;\nbackground-image:url(https:\/\/k3fashionsolutions.com\/wp-content\/uploads\/2024\/10\/data-privacy-hero.jpg);\nbackground-repeat:no-repeat;\nbackground-position:50% 0%;\nbackground-attachment:scroll;\nposition:relative;\n}\n.avia-section.av-v7e7z-87e02edddfd72e7f7394152e084a8c0f .avia-divider-svg-bottom svg{\nheight:auto;\nmax-height:200px;\nfill:#ffffff;\n}\n<\/style>\n<div id='short'  class='avia-section av-v7e7z-87e02edddfd72e7f7394152e084a8c0f main_color avia-section-default avia-no-border-styling  avia-builder-el-0  el_before_av_section  avia-builder-el-first  tj-con tjhp-hs avia-full-stretch avia-bg-style-scroll container_wrap fullsize'  data-section-bg-repeat='stretch'><div class='avia-divider-svg avia-divider-svg-tilt avia-divider-svg-bottom avia-flipped-svg avia-to-front avia-svg-original'><svg xmlns=\"http:\/\/www.w3.org\/2000\/svg\" viewBox=\"0 0 1000 100\" preserveAspectRatio=\"none\">\n\t<path d=\"M0,6V0h1000v100L0,6z\"\/>\n<\/svg><\/div><div class='container av-section-cont-open' ><main  role=\"main\" itemprop=\"mainContentOfPage\"  class='template-page content  av-content-full alpha units'><div class='post-entry post-entry-type-page post-entry-5962'><div class='entry-content-wrapper clearfix'>\n<div class='flex_column_table av-2hm67-df2bcd0f42ecd44d628738373ea6171c sc-av_one_full av-equal-height-column-flextable'><div  class='flex_column av-2hm67-df2bcd0f42ecd44d628738373ea6171c av_one_full  avia-builder-el-1  avia-builder-el-no-sibling  first flex_column_table_cell av-equal-height-column av-align-bottom  '     ><section  class='av_textblock_section av-m2aozmpq-2e103c23559604a28cdaecaee9965bf8 '   itemscope=\"itemscope\" itemtype=\"https:\/\/schema.org\/CreativeWork\" ><div class='avia_textblock'  itemprop=\"text\" ><h1>Condizioni d\u2019uso del sito web<\/h1>\n<\/div><\/section><\/div><\/div><!--close column table wrapper. Autoclose: 1 -->\n\n<\/div><\/div><\/main><!-- close content main element --><\/div><\/div><div id='av_section_2'  class='avia-section av-k8hef-1fcbebc0ceb89dc7f358c06a46be13db main_color avia-section-default avia-no-border-styling  avia-builder-el-3  el_after_av_section  el_before_av_section  sticky-parent avia-bg-style-scroll container_wrap fullsize'  ><div class='container av-section-cont-open' ><div class='template-page content  av-content-full alpha units'><div class='post-entry post-entry-type-page post-entry-5962'><div class='entry-content-wrapper clearfix'>\n<div  class='flex_column av-m5cqm8k8-1a60a12a11ea33b1b108df5158ca467e av_one_fifth  avia-builder-el-4  el_before_av_four_fifth  avia-builder-el-first  sticky-element first flex_column_div  '     ><div  class='avia-builder-widget-area clearfix  avia-builder-el-5  avia-builder-el-no-sibling '><section id=\"avia_auto_toc-2\" class=\"widget clearfix avia-widget-container avia_auto_toc avia_no_block_preview\"><div class=\"avia-preview-headline\">k3btg Tabella dei contenuti<\/div><div class=\"avia-preview-info\">Titolo: Contents<\/div><div class=\"avia-preview-in-front\">La tabella pu\u00f2 essere resa solo nel frontend.<\/div><span class=\"seperator extralight-border\"><\/span><\/section><\/div><\/div><div  class='flex_column av-7blaf-87ec2d4f1487865d4b1ee1aee897d30d av_four_fifth  avia-builder-el-6  el_after_av_one_fifth  el_before_av_hr  flex_column_div  '     ><section  class='av_textblock_section av-m2ap09po-0fe2eaa13e14bdd187572882f8111cc4 '   itemscope=\"itemscope\" itemtype=\"https:\/\/schema.org\/CreativeWork\" ><div class='avia_textblock'  itemprop=\"text\" ><p>Le presenti condizioni e termini (\u201cCondizioni\u201d) stabiliscono i termini in base ai quali \u00e8 possibile utilizzare il nostro sito web (<a href=\"http:\/\/www.k3fashionsolutions.com\">www.k3fashionsolutions.com<\/a>) (\u201cil nostro Sito Web\u201d). Ti consigliamo di leggere attentamente queste Condizioni prima di utilizzare il nostro Sito Web. Utilizzando il nostro Sito Web confermi di accettare queste Condizioni e di impegnarti a rispettarle. Se non accetti queste Condizioni, ti invitiamo a non continuare a utilizzare il nostro Sito Web.<\/p>\n<h2>Chi siamo e come contattarci<\/h2>\n<p>Il sito web <a href=\"http:\/\/www.k3fashionsolutions.com\">www.k3fashionsolutions.com<\/a> \u00e8 gestito da K3 Business Technology Group Plc (\u201cnoi\u201d, \u201cci\u201d, \u201cnostro\u201d, \u201cK3\u201d). Siamo una societ\u00e0 per azioni (public limited company) registrata in Inghilterra e Galles con numero di registrazione 02641001 e sede legale presso Baltimore House, 50 Kansas Avenue, Manchester, M50 2GL.<\/p>\n<p>Per contattarci, puoi inviarci un\u2019email a <a href=\"mailto:information@k3btg.com\">information@k3btg.com<\/a><\/p>\n<h2>Altri termini applicabili<\/h2>\n<p>I seguenti termini e condizioni si applicano inoltre al tuo utilizzo del nostro Sito Web. Ti consigliamo di leggere attentamente queste Condizioni prima di utilizzare il nostro Sito Web.<\/p>\n<ul>\n<li>La nostra <a href=\"https:\/\/k3fashionsolutions.com\/it\/informativa-sulla-privacy\/\" rel=\"\">informativa sulla privacy<\/a>, che stabilisce i termini con cui trattiamo i tuoi dati personali.<\/li>\n<li>La nostra <a href=\"https:\/\/k3fashionsolutions.com\/it\/informativa-sui-cookie\/\" rel=\"\">informativa sui cookie<\/a>, che fornisce informazioni sui cookie presenti sul nostro Sito Web.<\/li>\n<\/ul>\n<h2>Modifiche alle presenti Condizioni<\/h2>\n<p>Potremmo modificare le presenti Condizioni di volta in volta. Ogni volta che desideri utilizzare il nostro Sito Web, ti invitiamo a consultare queste Condizioni per assicurarti di comprendere i termini applicabili in quel momento. Le presenti Condizioni sono state aggiornate l\u2019ultima volta il 10 gennaio 2025.<\/p>\n<h2>Accesso al nostro Sito Web<\/h2>\n<p>Il nostro Sito Web \u00e8 messo a disposizione gratuitamente.<\/p>\n<p>Non garantiamo che il nostro Sito Web, o qualsiasi contenuto presente al suo interno, sia sempre disponibile o privo di interruzioni. Potremmo sospendere, ritirare, interrompere, modificare o limitare la disponibilit\u00e0 di tutto o parte del nostro Sito Web senza preavviso per motivi aziendali, di sicurezza e\/o operativi. Non saremo responsabili nei tuoi confronti se, per qualsiasi motivo, il nostro Sito Web non \u00e8 disponibile o viene interrotto in qualsiasi momento o per qualsiasi periodo.<\/p>\n<p>Sei responsabile di garantire che tutte le persone che accedono al nostro Sito Web tramite la tua connessione internet siano a conoscenza di queste Condizioni e degli altri termini e condizioni applicabili e che li rispettino.<\/p>\n<p>Il nostro Sito Web \u00e8 destinato agli utenti del Regno Unito. Non garantiamo che i contenuti disponibili sul nostro Sito Web siano appropriati o disponibili per l\u2019uso in altre localit\u00e0.<\/p>\n<h2>Utilizzo del nostro Sito Web<\/h2>\n<p>Sei autorizzato a utilizzare il nostro Sito Web esclusivamente per finalit\u00e0 lecite. In particolare, non devi utilizzare il nostro Sito Web:<\/p>\n<ul>\n<li>per qualsiasi scopo fraudolento;<\/li>\n<li>in qualsiasi modo che violi i nostri diritti di propriet\u00e0 intellettuale o il diritto alla privacy, o quelli di terzi;<\/li>\n<li>per trasmettere o favorire l\u2019invio di pubblicit\u00e0 o materiale promozionale non richiesto o non autorizzato, o qualsiasi altra forma di sollecitazione analoga verso qualsiasi persona;<\/li>\n<li>per caricare, diffondere o distribuire contenuti minacciosi, diffamatori, osceni, indecenti, molesti, offensivi o discriminatori su base razziale, religiosa o etnica, o comunque in altro modo inappropriati; e\/o<\/li>\n<li>per effettuare, facilitare, autorizzare o consentire attivit\u00e0 di text and data mining o web scraping in relazione al nostro Sito Web o a qualsiasi servizio fornito tramite o in relazione al nostro Sito Web.<\/li>\n<\/ul>\n<p>Accetti che non dovrai:<\/p>\n<p>(a) utilizzare il nostro Sito Web per introdurre, trasmettere o caricare consapevolmente qualsiasi materiale contenente virus, trojan, worm, logic bomb o altro materiale, dato o codice dannoso o tecnologicamente pericoloso;<br \/>\n(b) tentare di ottenere accesso non autorizzato al nostro Sito Web, al server su cui \u00e8 ospitato il nostro Sito Web o a qualsiasi server, computer o database collegato al nostro Sito Web; oppure<br \/>\n(c) attaccare il nostro Sito Web tramite un attacco denial-of-service o distributed denial-of-service.<\/p>\n<p>La violazione di questa disposizione potrebbe costituire un reato ai sensi del Computer Misuse Act 1990. Segnaleremo qualsiasi violazione alle autorit\u00e0 competenti e collaboreremo con tali autorit\u00e0 divulgando la tua identit\u00e0.<\/p>\n<p>Ogni volta che utilizzi una funzionalit\u00e0 che consente di caricare contenuti sul nostro Sito Web, devi rispettare tutti gli standard di contenuto applicabili. Sarai responsabile nei nostri confronti per qualsiasi violazione di tali standard e ci riserviamo il diritto di rimuovere qualsiasi contenuto caricato sul nostro Sito Web qualora, a nostro insindacabile giudizio, non sia conforme agli standard applicabili.<\/p>\n<p>Rimarrai titolare di tutti i diritti relativi ai contenuti che carichi sul nostro Sito Web, ma ci concedi il diritto di utilizzare, archiviare e copiare tali contenuti, nonch\u00e9 di distribuirli e renderli disponibili a terzi per le finalit\u00e0 per cui sono stati inviati.<\/p>\n<h2>Diritti di propriet\u00e0 intellettuale<\/h2>\n<p>Siamo proprietari o licenziatari di tutti i diritti di propriet\u00e0 intellettuale (inclusi, a titolo esemplificativo ma non esaustivo, copyright e marchi) relativi e\/o connessi al nostro Sito Web, inclusi i contenuti presenti sul nostro Sito Web. Non sei autorizzato a utilizzare alcuna parte dei contenuti del nostro Sito Web per scopi commerciali senza aver ottenuto da noi una relativa licenza.<\/p>\n<p>Sei autorizzato a stampare una sola copia e puoi scaricare estratti di qualsiasi pagina del nostro Sito Web esclusivamente per uso personale.<\/p>\n<p>Non \u00e8 consentito modificare in alcun modo copie cartacee o digitali dei materiali che hai stampato o scaricato dal nostro Sito Web, n\u00e9 utilizzare illustrazioni, fotografie, sequenze video o audio o qualsiasi elemento grafico separatamente dal testo di accompagnamento.<\/p>\n<p>Il nostro status (e quello di eventuali collaboratori identificati) come autori dei contenuti presenti sul nostro Sito Web deve sempre essere riconosciuto.<\/p>\n<h2>Affidamento sulle informazioni presenti sul nostro Sito Web<\/h2>\n<p>I contenuti presenti sul nostro Sito Web sono forniti esclusivamente a scopo informativo generale. Non sono intesi come consulenza su cui fare affidamento. \u00c8 necessario ottenere una consulenza professionale o specialistica prima di intraprendere o astenersi dall\u2019intraprendere qualsiasi azione sulla base dei contenuti presenti sul nostro Sito Web.<\/p>\n<p>Sebbene adottiamo ragionevoli misure per aggiornare le informazioni presenti sul nostro Sito Web, non rilasciamo alcuna dichiarazione, garanzia o assicurazione, espressa o implicita, circa l\u2019accuratezza, la completezza o l\u2019aggiornamento dei contenuti presenti sul nostro Sito Web.<\/p>\n<p><strong>Violazioni delle presenti Condizioni<\/strong><\/p>\n<p>Qualora dovessimo stabilire, a nostra discrezione, che vi sia stata una violazione delle presenti Condizioni, potremo adottare le misure che riterremo appropriate, le quali possono includere tutte o alcune delle seguenti azioni:<\/p>\n<h2>La nostra responsabilit\u00e0 nei tuoi confronti<\/h2>\n<p>Non escludiamo n\u00e9 limitiamo in alcun modo la nostra responsabilit\u00e0 nei tuoi confronti laddove ci\u00f2 sarebbe illegale. Ci\u00f2 include la responsabilit\u00e0 per morte o lesioni personali causate dalla nostra negligenza o dalla negligenza dei nostri dipendenti, agenti o subappaltatori, nonch\u00e9 per frode o dichiarazioni fraudolente.<\/p>\n<p>Escludiamo tutte le condizioni, garanzie, dichiarazioni o altri termini impliciti che potrebbero applicarsi al nostro Sito Web o a qualsiasi contenuto in esso presente.<\/p>\n<p>Non saremo responsabili nei tuoi confronti per eventuali perdite o danni, sia in ambito contrattuale, extracontrattuale (inclusa la negligenza), violazione di obblighi di legge o altro, anche se prevedibili, derivanti da o in connessione con:<\/p>\n<ul>\n<li>il tuo utilizzo, o l\u2019impossibilit\u00e0 di utilizzare, il nostro Sito Web; oppure<\/li>\n<li>il tuo utilizzo, o affidamento, su qualsiasi contenuto visualizzato sul nostro Sito Web.<\/li>\n<\/ul>\n<p>In particolare, non saremo responsabili per:<\/p>\n<ul>\n<li>perdita di profitti, vendite, attivit\u00e0 o fatturato;<\/li>\n<li>interruzione dell\u2019attivit\u00e0;<\/li>\n<li>perdita di risparmi previsti;<\/li>\n<li>perdita di opportunit\u00e0 commerciali, avviamento o reputazione; oppure<\/li>\n<li>danni o perdite indiretti, speciali o consequenziali.<\/li>\n<\/ul>\n<p>La sicurezza delle comunicazioni inviate via internet \u00e8 soggetta a numerosi fattori al di fuori del nostro controllo. Non garantiamo la sicurezza o la riservatezza di alcuna comunicazione elettronica e non saremo responsabili nei tuoi confronti per eventuali perdite o danni che potresti subire a seguito della trasmissione di tali comunicazioni.<\/p>\n<p>Qualora il nostro Sito Web contenga link a siti web e risorse di terze parti, tali link sono forniti esclusivamente a scopo informativo. Non abbiamo alcun controllo e non siamo responsabili per i contenuti di tali siti web e risorse. Non saremo responsabili per eventuali perdite o danni derivanti dal loro utilizzo.<\/p>\n<p>Sebbene adottiamo ragionevoli misure per garantire che il nostro Sito Web sia privo di virus e altri contenuti dannosi o pericolosi, non garantiamo che il nostro Sito Web sia sicuro o privo di tali contenuti. Sei responsabile della configurazione della tua tecnologia informatica, dei programmi e della piattaforma utilizzati per accedere al nostro Sito Web. \u00c8 consigliabile utilizzare un software antivirus adeguato.<\/p>\n<h2>Collegamento al nostro Sito Web<\/h2>\n<p>Puoi creare un link alla nostra homepage, a condizione che tu rispetti le seguenti disposizioni.<\/p>\n<p>Non devi creare un link al nostro Sito Web:<\/p>\n<ul>\n<li>in modo non corretto o non conforme alla legge;<\/li>\n<li>in modo tale da danneggiare la nostra reputazione o trarne vantaggio;<\/li>\n<li>in modo tale da suggerire qualsiasi forma di associazione, approvazione o endorsement da parte nostra laddove non esista;<\/li>\n<li>su qualsiasi sito web che non sia di tua propriet\u00e0; oppure<\/li>\n<li>su qualsiasi sito web che contenga contenuti illeciti o fraudolenti, o che abbia finalit\u00e0 o effetti illeciti o fraudolenti.<\/li>\n<\/ul>\n<p>Non \u00e8 consentito incorporare il nostro Sito Web in altri siti (framing) n\u00e9 creare un link a qualsiasi parte del nostro Sito Web diversa dalla homepage.<\/p>\n<p>Ci riserviamo il diritto di revocare l\u2019autorizzazione ai link in qualsiasi momento senza preavviso.<\/p>\n<h2>Legge applicabile<\/h2>\n<p>Le presenti Condizioni, il loro oggetto e la loro formazione (incluse eventuali controversie o richieste non contrattuali) sono disciplinati dal diritto inglese. Entrambe le parti concordano che i tribunali di Inghilterra e Galles abbiano giurisdizione esclusiva per la risoluzione di qualsiasi controversia relativa alle presenti Condizioni, al loro oggetto o alla loro formazione (incluse eventuali controversie o richieste non contrattuali).<\/p>\n<\/div><\/section><\/div>\n<style type=\"text\/css\" data-created_by=\"avia_inline_auto\" id=\"style-css-av-d6wjj-016ed975d7d0f4f219b3f0a1e765a74e\">\n#top .hr.hr-invisible.av-d6wjj-016ed975d7d0f4f219b3f0a1e765a74e{\nheight:50px;\n}\n<\/style>\n<div  class='hr av-d6wjj-016ed975d7d0f4f219b3f0a1e765a74e hr-invisible  avia-builder-el-8  el_after_av_four_fifth  avia-builder-el-last '><span class='hr-inner '><span class=\"hr-inner-style\"><\/span><\/span><\/div>\n\n<\/div><\/div><\/div><!-- close content main div --><\/div><\/div>\n<style type=\"text\/css\" data-created_by=\"avia_inline_auto\" id=\"style-css-av-8ku5b-b1e3805dbcb9075930e0f7215778b0c1\">\n.avia-section.av-8ku5b-b1e3805dbcb9075930e0f7215778b0c1{\nposition:relative;\n}\n.avia-section.av-8ku5b-b1e3805dbcb9075930e0f7215778b0c1 .avia-divider-svg-bottom svg{\nheight:auto;\nmax-height:200px;\nfill:#1e1e46;\n}\n<\/style>\n<div id='av_section_3'  class='avia-section av-8ku5b-b1e3805dbcb9075930e0f7215778b0c1 main_color avia-section-default avia-no-border-styling  avia-builder-el-9  el_after_av_section  avia-builder-el-last  avia-bg-style-scroll container_wrap fullsize'  ><div class='avia-divider-svg avia-divider-svg-tilt avia-divider-svg-bottom avia-flipped-svg avia-svg-original'><svg xmlns=\"http:\/\/www.w3.org\/2000\/svg\" viewBox=\"0 0 1000 100\" preserveAspectRatio=\"none\">\n\t<path d=\"M0,6V0h1000v100L0,6z\"\/>\n<\/svg><\/div><div class='container av-section-cont-open' ><div class='template-page content  av-content-full alpha units'><div class='post-entry post-entry-type-page post-entry-5962'><div class='entry-content-wrapper clearfix'>\n","protected":false},"excerpt":{"rendered":"<p>Termini ufficiali che regolano l\u2019utilizzo del sito web delle soluzioni ERP per il fashion di K3. Linee guida chiare su propriet\u00e0 intellettuale, accesso al sito e responsabilit\u00e0 degli utenti.<\/p>\n","protected":false},"author":1,"featured_media":0,"parent":0,"menu_order":0,"comment_status":"closed","ping_status":"closed","template":"","meta":{"slim_seo":{"title":"Condizioni d\u2019uso | K3 Fashion Solutions \u2013 Accordo legale del sito web","description":"Termini ufficiali che regolano l\u2019utilizzo del sito web delle soluzioni ERP per il fashion di K3. Linee guida chiare su propriet\u00e0 intellettuale, accesso al sito e responsabilit\u00e0 degli utenti."},"footnotes":""},"class_list":["post-5962","page","type-page","status-publish","hentry"],"_links":{"self":[{"href":"https:\/\/k3fashionsolutions.com\/it\/wp-json\/wp\/v2\/pages\/5962","targetHints":{"allow":["GET"]}}],"collection":[{"href":"https:\/\/k3fashionsolutions.com\/it\/wp-json\/wp\/v2\/pages"}],"about":[{"href":"https:\/\/k3fashionsolutions.com\/it\/wp-json\/wp\/v2\/types\/page"}],"author":[{"embeddable":true,"href":"https:\/\/k3fashionsolutions.com\/it\/wp-json\/wp\/v2\/users\/1"}],"replies":[{"embeddable":true,"href":"https:\/\/k3fashionsolutions.com\/it\/wp-json\/wp\/v2\/comments?post=5962"}],"version-history":[{"count":5,"href":"https:\/\/k3fashionsolutions.com\/it\/wp-json\/wp\/v2\/pages\/5962\/revisions"}],"predecessor-version":[{"id":6215,"href":"https:\/\/k3fashionsolutions.com\/it\/wp-json\/wp\/v2\/pages\/5962\/revisions\/6215"}],"wp:attachment":[{"href":"https:\/\/k3fashionsolutions.com\/it\/wp-json\/wp\/v2\/media?parent=5962"}],"curies":[{"name":"wp","href":"https:\/\/api.w.org\/{rel}","templated":true}]}}